{"id":605,"date":"2023-03-10T20:09:01","date_gmt":"2023-03-10T20:09:01","guid":{"rendered":"http:\/\/mm16.es\/?page_id=605"},"modified":"2023-10-06T15:21:31","modified_gmt":"2023-10-06T15:21:31","slug":"home","status":"publish","type":"page","link":"https:\/\/mm16.es\/en\/","title":{"rendered":"MM16-Home"},"content":{"rendered":"<div data-elementor-type=\"wp-page\" data-elementor-id=\"605\" class=\"elementor elementor-605\">\n\t\t\t\t\t\t\t\t\t<section class=\"elementor-section elementor-top-section elementor-element elementor-element-ed7588d elementor-section-full_width elementor-section-height-default elementor-section-height-default\" data-id=\"ed7588d\" data-element_type=\"section\">\n\t\t\t\t\t\t<div class=\"elementor-container elementor-column-gap-no\">\n\t\t\t\t\t<div class=\"elementor-column elementor-col-100 elementor-top-column elementor-element elementor-element-f1c46cc\" data-id=\"f1c46cc\" data-element_type=\"column\">\n\t\t\t<div class=\"elementor-widget-wrap elementor-element-populated\">\n\t\t\t\t\t\t\t\t<div class=\"elementor-element elementor-element-084b87a elementor-widget__width-inherit elementor--h-position-left elementor--v-position-middle elementor-pagination-position-inside elementor-widget elementor-widget-slides\" data-id=\"084b87a\" data-element_type=\"widget\" data-settings=\"{&quot;navigation&quot;:&quot;dots&quot;,&quot;transition&quot;:&quot;fade&quot;,&quot;autoplay&quot;:&quot;yes&quot;,&quot;pause_on_hover&quot;:&quot;yes&quot;,&quot;pause_on_interaction&quot;:&quot;yes&quot;,&quot;autoplay_speed&quot;:5000,&quot;infinite&quot;:&quot;yes&quot;,&quot;transition_speed&quot;:500}\" data-widget_type=\"slides.default\">\n\t\t\t\t<div class=\"elementor-widget-container\">\n\t\t\t<style>\/*! elementor-pro - v3.12.2 - 09-04-2023 *\/\n.elementor-slides .swiper-slide-bg{background-size:cover;background-position:50%;background-repeat:no-repeat;min-width:100%;min-height:100%}.elementor-slides .swiper-slide-inner{background-repeat:no-repeat;background-position:50%;position:absolute;top:0;left:0;bottom:0;right:0;padding:50px;margin:auto}.elementor-slides .swiper-slide-inner,.elementor-slides .swiper-slide-inner:hover{color:#fff;display:flex}.elementor-slides .swiper-slide-inner .elementor-background-overlay{position:absolute;z-index:0;top:0;bottom:0;left:0;right:0}.elementor-slides .swiper-slide-inner .elementor-slide-content{position:relative;z-index:1;width:100%}.elementor-slides .swiper-slide-inner .elementor-slide-heading{font-size:35px;font-weight:700;line-height:1}.elementor-slides .swiper-slide-inner .elementor-slide-description{font-size:17px;line-height:1.4}.elementor-slides .swiper-slide-inner .elementor-slide-description:not(:last-child),.elementor-slides .swiper-slide-inner .elementor-slide-heading:not(:last-child){margin-bottom:30px}.elementor-slides .swiper-slide-inner .elementor-slide-button{border:2px solid #fff;color:#fff;background:transparent;display:inline-block}.elementor-slides .swiper-slide-inner .elementor-slide-button,.elementor-slides .swiper-slide-inner .elementor-slide-button:hover{background:transparent;color:inherit;text-decoration:none}.elementor--v-position-top .swiper-slide-inner{align-items:flex-start}.elementor--v-position-bottom .swiper-slide-inner{align-items:flex-end}.elementor--v-position-middle .swiper-slide-inner{align-items:center}.elementor--h-position-left .swiper-slide-inner{justify-content:flex-start}.elementor--h-position-right .swiper-slide-inner{justify-content:flex-end}.elementor--h-position-center .swiper-slide-inner{justify-content:center}body.rtl .elementor-widget-slides .elementor-swiper-button-next{left:10px;right:auto}body.rtl .elementor-widget-slides .elementor-swiper-button-prev{right:10px;left:auto}.elementor-slides-wrapper div:not(.swiper-slide)>.swiper-slide-inner{display:none}@media (max-width:767px){.elementor-slides .swiper-slide-inner{padding:30px}.elementor-slides .swiper-slide-inner .elementor-slide-heading{font-size:23px;line-height:1;margin-bottom:15px}.elementor-slides .swiper-slide-inner .elementor-slide-description{font-size:13px;line-height:1.4;margin-bottom:15px}}<\/style>\t\t<div class=\"elementor-swiper\">\n\t\t\t<div class=\"elementor-slides-wrapper elementor-main-swiper swiper-container\" dir=\"ltr\" data-animation=\"fadeInUp\">\n\t\t\t\t<div class=\"swiper-wrapper elementor-slides\">\n\t\t\t\t\t\t\t\t\t\t<div class=\"elementor-repeater-item-00827e1 swiper-slide\"><div class=\"swiper-slide-bg elementor-ken-burns elementor-ken-burns--out\"><\/div><div class=\"elementor-background-overlay\"><\/div><a class=\"swiper-slide-inner\" href=\"https:\/\/mm16.es\/en\/proyecto\/casa-del-pino\/\"><div class=\"swiper-slide-contents\"><div class=\"elementor-slide-heading\">Proyecto Casa del Pino<\/div><div class=\"elementor-slide-description\">Una de nuestras primeras autor\u00edas, vivienda planteada como <br>una superposici\u00f3n de pabellones.<\/div><div  class=\"elementor-button elementor-slide-button elementor-size-xs\">Ver proyecto<\/div><\/div><\/a><\/div><div class=\"elementor-repeater-item-1f0f9d0 swiper-slide\"><div class=\"swiper-slide-bg elementor-ken-burns elementor-ken-burns--in\"><\/div><div class=\"elementor-background-overlay\"><\/div><a class=\"swiper-slide-inner\" href=\"https:\/\/mm16.es\/en\/proyecto\/casa-oviedo\/\"><div class=\"swiper-slide-contents\"><div class=\"elementor-slide-heading\">Proyecto Casa Oviedo<\/div><div class=\"elementor-slide-description\">Vivienda familiar con planta pasante y dise\u00f1o l\u00fadico y sobrio.<\/div><div  class=\"elementor-button elementor-slide-button elementor-size-xs\">Ver Proyecto<\/div><\/div><\/a><\/div><div class=\"elementor-repeater-item-a5952ec swiper-slide\"><div class=\"swiper-slide-bg elementor-ken-burns elementor-ken-burns--in\"><\/div><div class=\"elementor-background-overlay\"><\/div><a class=\"swiper-slide-inner\" href=\"https:\/\/mm16.es\/en\/proyecto\/martinez-montanes\/\"><div class=\"swiper-slide-contents\"><div class=\"elementor-slide-heading\">Un patio para un j\u00fapiter<\/div><div class=\"elementor-slide-description\">Rehabilitaci\u00f3n tipol\u00f3gica de una vivienda entre medianeras<\/div><div  class=\"elementor-button elementor-slide-button elementor-size-xs\">Ver Proyecto<\/div><\/div><\/a><\/div>\t\t\t\t<\/div>\n\t\t\t\t\t\t\t\t\t\t\t\t\t\t\t<div class=\"swiper-pagination\"><\/div>\n\t\t\t\t\t\t\t\t\t\t\t\t\t\t\t\t\t<\/div>\n\t\t<\/div>\n\t\t\t\t<\/div>\n\t\t\t\t<\/div>\n\t\t\t\t\t<\/div>\n\t\t<\/div>\n\t\t\t\t\t\t\t<\/div>\n\t\t<\/section>\n\t\t\t\t<section class=\"elementor-section elementor-top-section elementor-element elementor-element-32e3b52 elementor-section-boxed elementor-section-height-default elementor-section-height-default\" data-id=\"32e3b52\" data-element_type=\"section\">\n\t\t\t\t\t\t<div class=\"elementor-container elementor-column-gap-default\">\n\t\t\t\t\t<div class=\"elementor-column elementor-col-100 elementor-top-column elementor-element elementor-element-cb8b666\" data-id=\"cb8b666\" data-element_type=\"column\">\n\t\t\t<div class=\"elementor-widget-wrap elementor-element-populated\">\n\t\t\t\t\t\t\t\t<div class=\"elementor-element elementor-element-dccfbbc elementor-widget elementor-widget-heading\" data-id=\"dccfbbc\" data-element_type=\"widget\" data-widget_type=\"heading.default\">\n\t\t\t\t<div class=\"elementor-widget-container\">\n\t\t\t<style>\/*! elementor - v3.12.1 - 02-04-2023 *\/\n.elementor-heading-title{padding:0;margin:0;line-height:1}.elementor-widget-heading .elementor-heading-title[class*=elementor-size-]>a{color:inherit;font-size:inherit;line-height:inherit}.elementor-widget-heading .elementor-heading-title.elementor-size-small{font-size:15px}.elementor-widget-heading .elementor-heading-title.elementor-size-medium{font-size:19px}.elementor-widget-heading .elementor-heading-title.elementor-size-large{font-size:29px}.elementor-widget-heading .elementor-heading-title.elementor-size-xl{font-size:39px}.elementor-widget-heading .elementor-heading-title.elementor-size-xxl{font-size:59px}<\/style><h2 class=\"elementor-heading-title elementor-size-default\">HIGHLIGHTS<\/h2>\t\t<\/div>\n\t\t\t\t<\/div>\n\t\t\t\t<div class=\"elementor-element elementor-element-b2e9c39 elementor-widget-divider--view-line elementor-widget elementor-widget-divider\" data-id=\"b2e9c39\" data-element_type=\"widget\" data-widget_type=\"divider.default\">\n\t\t\t\t<div class=\"elementor-widget-container\">\n\t\t\t<style>\/*! elementor - v3.12.1 - 02-04-2023 *\/\n.elementor-widget-divider{--divider-border-style:none;--divider-border-width:1px;--divider-color:#0c0d0e;--divider-icon-size:20px;--divider-element-spacing:10px;--divider-pattern-height:24px;--divider-pattern-size:20px;--divider-pattern-url:none;--divider-pattern-repeat:repeat-x}.elementor-widget-divider .elementor-divider{display:flex}.elementor-widget-divider .elementor-divider__text{font-size:15px;line-height:1;max-width:95%}.elementor-widget-divider .elementor-divider__element{margin:0 var(--divider-element-spacing);flex-shrink:0}.elementor-widget-divider .elementor-icon{font-size:var(--divider-icon-size)}.elementor-widget-divider .elementor-divider-separator{display:flex;margin:0;direction:ltr}.elementor-widget-divider--view-line_icon .elementor-divider-separator,.elementor-widget-divider--view-line_text .elementor-divider-separator{align-items:center}.elementor-widget-divider--view-line_icon .elementor-divider-separator:after,.elementor-widget-divider--view-line_icon .elementor-divider-separator:before,.elementor-widget-divider--view-line_text .elementor-divider-separator:after,.elementor-widget-divider--view-line_text .elementor-divider-separator:before{display:block;content:\"\";border-bottom:0;flex-grow:1;border-top:var(--divider-border-width) var(--divider-border-style) var(--divider-color)}.elementor-widget-divider--element-align-left .elementor-divider .elementor-divider-separator>.elementor-divider__svg:first-of-type{flex-grow:0;flex-shrink:100}.elementor-widget-divider--element-align-left .elementor-divider-separator:before{content:none}.elementor-widget-divider--element-align-left .elementor-divider__element{margin-left:0}.elementor-widget-divider--element-align-right .elementor-divider .elementor-divider-separator>.elementor-divider__svg:last-of-type{flex-grow:0;flex-shrink:100}.elementor-widget-divider--element-align-right .elementor-divider-separator:after{content:none}.elementor-widget-divider--element-align-right .elementor-divider__element{margin-right:0}.elementor-widget-divider:not(.elementor-widget-divider--view-line_text):not(.elementor-widget-divider--view-line_icon) .elementor-divider-separator{border-top:var(--divider-border-width) var(--divider-border-style) var(--divider-color)}.elementor-widget-divider--separator-type-pattern{--divider-border-style:none}.elementor-widget-divider--separator-type-pattern.elementor-widget-divider--view-line .elementor-divider-separator,.elementor-widget-divider--separator-type-pattern:not(.elementor-widget-divider--view-line) .elementor-divider-separator:after,.elementor-widget-divider--separator-type-pattern:not(.elementor-widget-divider--view-line) .elementor-divider-separator:before,.elementor-widget-divider--separator-type-pattern:not([class*=elementor-widget-divider--view]) .elementor-divider-separator{width:100%;min-height:var(--divider-pattern-height);-webkit-mask-size:var(--divider-pattern-size) 100%;mask-size:var(--divider-pattern-size) 100%;-webkit-mask-repeat:var(--divider-pattern-repeat);mask-repeat:var(--divider-pattern-repeat);background-color:var(--divider-color);-webkit-mask-image:var(--divider-pattern-url);mask-image:var(--divider-pattern-url)}.elementor-widget-divider--no-spacing{--divider-pattern-size:auto}.elementor-widget-divider--bg-round{--divider-pattern-repeat:round}.rtl .elementor-widget-divider .elementor-divider__text{direction:rtl}.e-con-inner>.elementor-widget-divider,.e-con>.elementor-widget-divider{width:var(--container-widget-width,100%);--flex-grow:var(--container-widget-flex-grow)}<\/style>\t\t<div class=\"elementor-divider\">\n\t\t\t<span class=\"elementor-divider-separator\">\n\t\t\t\t\t\t<\/span>\n\t\t<\/div>\n\t\t\t\t<\/div>\n\t\t\t\t<\/div>\n\t\t\t\t<div class=\"elementor-element elementor-element-6957dc6 elementor-widget__width-initial elementor-grid-tablet-3 elementor-grid-3 elementor-grid-mobile-1 elementor-widget elementor-widget-portfolio\" data-id=\"6957dc6\" data-element_type=\"widget\" data-settings=\"{&quot;item_ratio&quot;:{&quot;unit&quot;:&quot;px&quot;,&quot;size&quot;:0.8,&quot;sizes&quot;:[]},&quot;row_gap&quot;:{&quot;unit&quot;:&quot;px&quot;,&quot;size&quot;:5,&quot;sizes&quot;:[]},&quot;columns_tablet&quot;:&quot;3&quot;,&quot;columns&quot;:&quot;3&quot;,&quot;columns_mobile&quot;:&quot;1&quot;,&quot;item_gap&quot;:{&quot;unit&quot;:&quot;px&quot;,&quot;size&quot;:&quot;&quot;,&quot;sizes&quot;:[]}}\" data-widget_type=\"portfolio.default\">\n\t\t\t\t<div class=\"elementor-widget-container\">\n\t\t\t<link rel=\"stylesheet\" href=\"https:\/\/mm16.es\/wp-content\/plugins\/elementor-pro\/assets\/css\/widget-posts.min.css\">\t\t<div class=\"elementor-portfolio elementor-grid elementor-posts-container\">\n\t\t\t\t<article class=\"elementor-portfolio-item elementor-post elementor-filter-17 elementor-filter-26 post-961 proyecto type-proyecto status-publish format-standard has-post-thumbnail hentry proyectos-arquitectura proyectos-interiorismo\">\n\t\t\t<a class=\"elementor-post__thumbnail__link\" href=\"https:\/\/mm16.es\/en\/proyecto\/martinez-montanes\/\">\n\t\t\t\t<div class=\"elementor-portfolio-item__img elementor-post__thumbnail\">\n\t\t\t<img loading=\"lazy\" decoding=\"async\" width=\"1536\" height=\"1024\" src=\"https:\/\/mm16.es\/wp-content\/uploads\/2023\/03\/9456_23-1536x1024.jpg\" class=\"attachment-1536x1536 size-1536x1536 wp-image-1618\" alt=\"\" srcset=\"https:\/\/mm16.es\/wp-content\/uploads\/2023\/03\/9456_23-1536x1024.jpg 1536w, https:\/\/mm16.es\/wp-content\/uploads\/2023\/03\/9456_23-300x200.jpg 300w, https:\/\/mm16.es\/wp-content\/uploads\/2023\/03\/9456_23-1024x682.jpg 1024w, https:\/\/mm16.es\/wp-content\/uploads\/2023\/03\/9456_23-768x512.jpg 768w, https:\/\/mm16.es\/wp-content\/uploads\/2023\/03\/9456_23-18x12.jpg 18w, https:\/\/mm16.es\/wp-content\/uploads\/2023\/03\/9456_23.jpg 2000w\" sizes=\"auto, (max-width: 1536px) 100vw, 1536px\" title=\"\">\t\t<\/div>\n\t\t\t\t<div class=\"elementor-portfolio-item__overlay\">\n\t\t\t\t<h3 class=\"elementor-portfolio-item__title\">\n\t\tA courtyard for a Jupiter. Typological renovation\t\t<\/h3>\n\t\t\t\t<\/div>\n\t\t\t\t<\/a>\n\t\t<\/article>\n\t\t\t\t<article class=\"elementor-portfolio-item elementor-post elementor-filter-30 post-1732 proyecto type-proyecto status-publish format-standard has-post-thumbnail hentry proyectos-concursos\">\n\t\t\t<a class=\"elementor-post__thumbnail__link\" href=\"https:\/\/mm16.es\/en\/proyecto\/cerro-gordo\/\">\n\t\t\t\t<div class=\"elementor-portfolio-item__img elementor-post__thumbnail\">\n\t\t\t<img loading=\"lazy\" decoding=\"async\" width=\"1536\" height=\"751\" src=\"https:\/\/mm16.es\/wp-content\/uploads\/2023\/09\/CerroGordo01-1-1536x751.jpg\" class=\"attachment-1536x1536 size-1536x1536 wp-image-1740\" alt=\"\" srcset=\"https:\/\/mm16.es\/wp-content\/uploads\/2023\/09\/CerroGordo01-1-1536x751.jpg 1536w, https:\/\/mm16.es\/wp-content\/uploads\/2023\/09\/CerroGordo01-1-300x147.jpg 300w, https:\/\/mm16.es\/wp-content\/uploads\/2023\/09\/CerroGordo01-1-1024x501.jpg 1024w, https:\/\/mm16.es\/wp-content\/uploads\/2023\/09\/CerroGordo01-1-768x376.jpg 768w, https:\/\/mm16.es\/wp-content\/uploads\/2023\/09\/CerroGordo01-1-18x9.jpg 18w, https:\/\/mm16.es\/wp-content\/uploads\/2023\/09\/CerroGordo01-1.jpg 1760w\" sizes=\"auto, (max-width: 1536px) 100vw, 1536px\" title=\"\">\t\t<\/div>\n\t\t\t\t<div class=\"elementor-portfolio-item__overlay\">\n\t\t\t\t<h3 class=\"elementor-portfolio-item__title\">\n\t\tHigh School in Cerro Gordo, Badajoz 2017 2nd PRIZE\t\t<\/h3>\n\t\t\t\t<\/div>\n\t\t\t\t<\/a>\n\t\t<\/article>\n\t\t\t\t<article class=\"elementor-portfolio-item elementor-post elementor-filter-17 post-801 proyecto type-proyecto status-publish format-standard has-post-thumbnail hentry proyectos-arquitectura\">\n\t\t\t<a class=\"elementor-post__thumbnail__link\" href=\"https:\/\/mm16.es\/en\/proyecto\/casa-oviedo\/\">\n\t\t\t\t<div class=\"elementor-portfolio-item__img elementor-post__thumbnail\">\n\t\t\t<img loading=\"lazy\" decoding=\"async\" width=\"1536\" height=\"1158\" src=\"https:\/\/mm16.es\/wp-content\/uploads\/2023\/03\/casa_oviedo_EXT03-1536x1158.jpg\" class=\"attachment-1536x1536 size-1536x1536 wp-image-1392\" alt=\"\" srcset=\"https:\/\/mm16.es\/wp-content\/uploads\/2023\/03\/casa_oviedo_EXT03-1536x1158.jpg 1536w, https:\/\/mm16.es\/wp-content\/uploads\/2023\/03\/casa_oviedo_EXT03-300x226.jpg 300w, https:\/\/mm16.es\/wp-content\/uploads\/2023\/03\/casa_oviedo_EXT03-1024x772.jpg 1024w, https:\/\/mm16.es\/wp-content\/uploads\/2023\/03\/casa_oviedo_EXT03-768x579.jpg 768w, https:\/\/mm16.es\/wp-content\/uploads\/2023\/03\/casa_oviedo_EXT03-16x12.jpg 16w, https:\/\/mm16.es\/wp-content\/uploads\/2023\/03\/casa_oviedo_EXT03.jpg 1600w\" sizes=\"auto, (max-width: 1536px) 100vw, 1536px\" title=\"\">\t\t<\/div>\n\t\t\t\t<div class=\"elementor-portfolio-item__overlay\">\n\t\t\t\t<h3 class=\"elementor-portfolio-item__title\">\n\t\tOviedo House\t\t<\/h3>\n\t\t\t\t<\/div>\n\t\t\t\t<\/a>\n\t\t<\/article>\n\t\t\t\t<article class=\"elementor-portfolio-item elementor-post elementor-filter-25 post-809 proyecto type-proyecto status-publish format-standard has-post-thumbnail hentry proyectos-exposiciones\">\n\t\t\t<a class=\"elementor-post__thumbnail__link\" href=\"https:\/\/mm16.es\/en\/proyecto\/ctrl-ce\/\">\n\t\t\t\t<div class=\"elementor-portfolio-item__img elementor-post__thumbnail\">\n\t\t\t<img loading=\"lazy\" decoding=\"async\" width=\"1158\" height=\"865\" src=\"https:\/\/mm16.es\/wp-content\/uploads\/2023\/03\/CtrlCE_01.jpg\" class=\"attachment-1536x1536 size-1536x1536 wp-image-1693\" alt=\"\" srcset=\"https:\/\/mm16.es\/wp-content\/uploads\/2023\/03\/CtrlCE_01.jpg 1158w, https:\/\/mm16.es\/wp-content\/uploads\/2023\/03\/CtrlCE_01-300x224.jpg 300w, https:\/\/mm16.es\/wp-content\/uploads\/2023\/03\/CtrlCE_01-1024x765.jpg 1024w, https:\/\/mm16.es\/wp-content\/uploads\/2023\/03\/CtrlCE_01-768x574.jpg 768w, https:\/\/mm16.es\/wp-content\/uploads\/2023\/03\/CtrlCE_01-16x12.jpg 16w\" sizes=\"auto, (max-width: 1158px) 100vw, 1158px\" title=\"\">\t\t<\/div>\n\t\t\t\t<div class=\"elementor-portfolio-item__overlay\">\n\t\t\t\t<h3 class=\"elementor-portfolio-item__title\">\n\t\tExposici\u00f3n Ctrl-CE 2006\t\t<\/h3>\n\t\t\t\t<\/div>\n\t\t\t\t<\/a>\n\t\t<\/article>\n\t\t\t\t<article class=\"elementor-portfolio-item elementor-post elementor-filter-17 elementor-filter-26 post-804 proyecto type-proyecto status-publish format-standard has-post-thumbnail hentry proyectos-arquitectura proyectos-interiorismo\">\n\t\t\t<a class=\"elementor-post__thumbnail__link\" href=\"https:\/\/mm16.es\/en\/proyecto\/reforma-en-b-n\/\">\n\t\t\t\t<div class=\"elementor-portfolio-item__img elementor-post__thumbnail\">\n\t\t\t<img loading=\"lazy\" decoding=\"async\" width=\"1536\" height=\"1152\" src=\"https:\/\/mm16.es\/wp-content\/uploads\/2023\/03\/Salon05-1536x1152.jpg\" class=\"attachment-1536x1536 size-1536x1536 wp-image-1578\" alt=\"\" srcset=\"https:\/\/mm16.es\/wp-content\/uploads\/2023\/03\/Salon05-1536x1152.jpg 1536w, https:\/\/mm16.es\/wp-content\/uploads\/2023\/03\/Salon05-300x225.jpg 300w, https:\/\/mm16.es\/wp-content\/uploads\/2023\/03\/Salon05-1024x768.jpg 1024w, https:\/\/mm16.es\/wp-content\/uploads\/2023\/03\/Salon05-768x576.jpg 768w, https:\/\/mm16.es\/wp-content\/uploads\/2023\/03\/Salon05-16x12.jpg 16w, https:\/\/mm16.es\/wp-content\/uploads\/2023\/03\/Salon05.jpg 2048w\" sizes=\"auto, (max-width: 1536px) 100vw, 1536px\" title=\"\">\t\t<\/div>\n\t\t\t\t<div class=\"elementor-portfolio-item__overlay\">\n\t\t\t\t<h3 class=\"elementor-portfolio-item__title\">\n\t\tRenovation B\/N\t\t<\/h3>\n\t\t\t\t<\/div>\n\t\t\t\t<\/a>\n\t\t<\/article>\n\t\t\t\t<article class=\"elementor-portfolio-item elementor-post elementor-filter-17 post-744 proyecto type-proyecto status-publish format-standard has-post-thumbnail hentry proyectos-arquitectura\">\n\t\t\t<a class=\"elementor-post__thumbnail__link\" href=\"https:\/\/mm16.es\/en\/proyecto\/casa-del-pino\/\">\n\t\t\t\t<div class=\"elementor-portfolio-item__img elementor-post__thumbnail\">\n\t\t\t<img loading=\"lazy\" decoding=\"async\" width=\"1149\" height=\"1536\" src=\"https:\/\/mm16.es\/wp-content\/uploads\/2023\/03\/casadelpino_DSCN1226-1149x1536.jpg\" class=\"attachment-1536x1536 size-1536x1536 wp-image-835\" alt=\"casadelpino_DSCN1226\" srcset=\"https:\/\/mm16.es\/wp-content\/uploads\/2023\/03\/casadelpino_DSCN1226-1149x1536.jpg 1149w, https:\/\/mm16.es\/wp-content\/uploads\/2023\/03\/casadelpino_DSCN1226-224x300.jpg 224w, https:\/\/mm16.es\/wp-content\/uploads\/2023\/03\/casadelpino_DSCN1226-766x1024.jpg 766w, https:\/\/mm16.es\/wp-content\/uploads\/2023\/03\/casadelpino_DSCN1226-768x1026.jpg 768w, https:\/\/mm16.es\/wp-content\/uploads\/2023\/03\/casadelpino_DSCN1226-1532x2048.jpg 1532w, https:\/\/mm16.es\/wp-content\/uploads\/2023\/03\/casadelpino_DSCN1226.jpg 1712w\" sizes=\"auto, (max-width: 1149px) 100vw, 1149px\" title=\"\">\t\t<\/div>\n\t\t\t\t<div class=\"elementor-portfolio-item__overlay\">\n\t\t\t\t<h3 class=\"elementor-portfolio-item__title\">\n\t\tPinetree House\t\t<\/h3>\n\t\t\t\t<\/div>\n\t\t\t\t<\/a>\n\t\t<\/article>\n\t\t\t\t<article class=\"elementor-portfolio-item elementor-post elementor-filter-30 post-1775 proyecto type-proyecto status-publish format-standard has-post-thumbnail hentry proyectos-concursos\">\n\t\t\t<a class=\"elementor-post__thumbnail__link\" href=\"https:\/\/mm16.es\/en\/proyecto\/2g-parque-laguna-de-venecia\/\">\n\t\t\t\t<div class=\"elementor-portfolio-item__img elementor-post__thumbnail\">\n\t\t\t<img loading=\"lazy\" decoding=\"async\" width=\"1536\" height=\"717\" src=\"https:\/\/mm16.es\/wp-content\/uploads\/2023\/10\/Venecia-Pic01-1536x717.jpg\" class=\"attachment-1536x1536 size-1536x1536 wp-image-1776\" alt=\"\" srcset=\"https:\/\/mm16.es\/wp-content\/uploads\/2023\/10\/Venecia-Pic01-1536x717.jpg 1536w, https:\/\/mm16.es\/wp-content\/uploads\/2023\/10\/Venecia-Pic01-300x140.jpg 300w, https:\/\/mm16.es\/wp-content\/uploads\/2023\/10\/Venecia-Pic01-1024x478.jpg 1024w, https:\/\/mm16.es\/wp-content\/uploads\/2023\/10\/Venecia-Pic01-768x358.jpg 768w, https:\/\/mm16.es\/wp-content\/uploads\/2023\/10\/Venecia-Pic01-18x8.jpg 18w, https:\/\/mm16.es\/wp-content\/uploads\/2023\/10\/Venecia-Pic01.jpg 1890w\" sizes=\"auto, (max-width: 1536px) 100vw, 1536px\" title=\"\">\t\t<\/div>\n\t\t\t\t<div class=\"elementor-portfolio-item__overlay\">\n\t\t\t\t<h3 class=\"elementor-portfolio-item__title\">\n\t\t2G Competition. Venice Lagoon Park\t\t<\/h3>\n\t\t\t\t<\/div>\n\t\t\t\t<\/a>\n\t\t<\/article>\n\t\t\t\t<article class=\"elementor-portfolio-item elementor-post elementor-filter-30 post-1793 proyecto type-proyecto status-publish format-standard has-post-thumbnail hentry proyectos-concursos\">\n\t\t\t<a class=\"elementor-post__thumbnail__link\" href=\"https:\/\/mm16.es\/en\/proyecto\/j5-vivienda-publica\/\">\n\t\t\t\t<div class=\"elementor-portfolio-item__img elementor-post__thumbnail\">\n\t\t\t<img loading=\"lazy\" decoding=\"async\" width=\"927\" height=\"868\" src=\"https:\/\/mm16.es\/wp-content\/uploads\/2023\/10\/J5_Pic01.jpg\" class=\"attachment-1536x1536 size-1536x1536 wp-image-1794\" alt=\"\" srcset=\"https:\/\/mm16.es\/wp-content\/uploads\/2023\/10\/J5_Pic01.jpg 927w, https:\/\/mm16.es\/wp-content\/uploads\/2023\/10\/J5_Pic01-300x281.jpg 300w, https:\/\/mm16.es\/wp-content\/uploads\/2023\/10\/J5_Pic01-768x719.jpg 768w, https:\/\/mm16.es\/wp-content\/uploads\/2023\/10\/J5_Pic01-13x12.jpg 13w\" sizes=\"auto, (max-width: 927px) 100vw, 927px\" title=\"\">\t\t<\/div>\n\t\t\t\t<div class=\"elementor-portfolio-item__overlay\">\n\t\t\t\t<h3 class=\"elementor-portfolio-item__title\">\n\t\tJ5 Young Architect Competition 2006 MENTION\t\t<\/h3>\n\t\t\t\t<\/div>\n\t\t\t\t<\/a>\n\t\t<\/article>\n\t\t\t\t<article class=\"elementor-portfolio-item elementor-post elementor-filter-30 post-1829 proyecto type-proyecto status-publish format-standard has-post-thumbnail hentry proyectos-concursos\">\n\t\t\t<a class=\"elementor-post__thumbnail__link\" href=\"https:\/\/mm16.es\/en\/proyecto\/la-caja-negra-teatro-auditorio-en-alhama-de-murcia-2o-premio\/\">\n\t\t\t\t<div class=\"elementor-portfolio-item__img elementor-post__thumbnail\">\n\t\t\t<img loading=\"lazy\" decoding=\"async\" width=\"572\" height=\"542\" src=\"https:\/\/mm16.es\/wp-content\/uploads\/2023\/10\/Alhama-Pic02.jpg\" class=\"attachment-1536x1536 size-1536x1536 wp-image-1831\" alt=\"\" srcset=\"https:\/\/mm16.es\/wp-content\/uploads\/2023\/10\/Alhama-Pic02.jpg 572w, https:\/\/mm16.es\/wp-content\/uploads\/2023\/10\/Alhama-Pic02-300x284.jpg 300w, https:\/\/mm16.es\/wp-content\/uploads\/2023\/10\/Alhama-Pic02-13x12.jpg 13w\" sizes=\"auto, (max-width: 572px) 100vw, 572px\" title=\"\">\t\t<\/div>\n\t\t\t\t<div class=\"elementor-portfolio-item__overlay\">\n\t\t\t\t<h3 class=\"elementor-portfolio-item__title\">\n\t\tTHE BLACK BOX. Theatre-Auditorium in Alhama de Murcia 2nd PRIZE.\t\t<\/h3>\n\t\t\t\t<\/div>\n\t\t\t\t<\/a>\n\t\t<\/article>\n\t\t\t\t<\/div>\n\t\t\t\t<\/div>\n\t\t\t\t<\/div>\n\t\t\t\t<div class=\"elementor-element elementor-element-ed803ad elementor-align-center elementor-widget elementor-widget-button\" data-id=\"ed803ad\" data-element_type=\"widget\" data-widget_type=\"button.default\">\n\t\t\t\t<div class=\"elementor-widget-container\">\n\t\t\t\t\t<div class=\"elementor-button-wrapper\">\n\t\t\t<a href=\"https:\/\/mm16.es\/en\/projects\/\" class=\"elementor-button-link elementor-button elementor-size-md\" role=\"button\">\n\t\t\t\t\t\t<span class=\"elementor-button-content-wrapper\">\n\t\t\t\t\t\t<span class=\"elementor-button-text\">More<\/span>\n\t\t<\/span>\n\t\t\t\t\t<\/a>\n\t\t<\/div>\n\t\t\t\t<\/div>\n\t\t\t\t<\/div>\n\t\t\t\t\t<\/div>\n\t\t<\/div>\n\t\t\t\t\t\t\t<\/div>\n\t\t<\/section>\n\t\t\t\t\t\t\t<\/div>","protected":false},"excerpt":{"rendered":"<p>Proyecto Casa del PinoUna de nuestras primeras autor\u00edas, vivienda planteada como una superposici\u00f3n de pabellones.Ver proyectoProyecto Casa OviedoVivienda familiar con planta pasante y dise\u00f1o l\u00fadico y sobrio.Ver ProyectoUn patio para un j\u00fapiterRehabilitaci\u00f3n tipol\u00f3gica de una vivienda entre medianerasVer Proyecto PROYECTOS DESTACADOS VER M\u00c1S<\/p>","protected":false},"author":1,"featured_media":0,"parent":0,"menu_order":0,"comment_status":"closed","ping_status":"closed","template":"elementor_header_footer","meta":{"_mi_skip_tracking":false,"_monsterinsights_sitenote_active":false,"_monsterinsights_sitenote_note":"","_monsterinsights_sitenote_category":0,"footnotes":""},"class_list":["post-605","page","type-page","status-publish","hentry"],"acf":[],"_links":{"self":[{"href":"https:\/\/mm16.es\/en\/wp-json\/wp\/v2\/pages\/605","targetHints":{"allow":["GET"]}}],"collection":[{"href":"https:\/\/mm16.es\/en\/wp-json\/wp\/v2\/pages"}],"about":[{"href":"https:\/\/mm16.es\/en\/wp-json\/wp\/v2\/types\/page"}],"author":[{"embeddable":true,"href":"https:\/\/mm16.es\/en\/wp-json\/wp\/v2\/users\/1"}],"replies":[{"embeddable":true,"href":"https:\/\/mm16.es\/en\/wp-json\/wp\/v2\/comments?post=605"}],"version-history":[{"count":147,"href":"https:\/\/mm16.es\/en\/wp-json\/wp\/v2\/pages\/605\/revisions"}],"predecessor-version":[{"id":1807,"href":"https:\/\/mm16.es\/en\/wp-json\/wp\/v2\/pages\/605\/revisions\/1807"}],"wp:attachment":[{"href":"https:\/\/mm16.es\/en\/wp-json\/wp\/v2\/media?parent=605"}],"curies":[{"name":"wp","href":"https:\/\/api.w.org\/{rel}","templated":true}]}}