{"id":533,"date":"2018-11-26T12:46:25","date_gmt":"2018-11-26T12:46:25","guid":{"rendered":"http:\/\/mm16.es\/product-2\/"},"modified":"2023-05-12T06:14:51","modified_gmt":"2023-05-12T06:14:51","slug":"publicaciones","status":"publish","type":"page","link":"https:\/\/mm16.es\/en\/publicaciones\/","title":{"rendered":"Publications"},"content":{"rendered":"<div data-elementor-type=\"wp-post\" data-elementor-id=\"533\" class=\"elementor elementor-533\">\n\t\t\t\t\t\t\t\t\t<section class=\"elementor-section elementor-top-section elementor-element elementor-element-39dabc18 elementor-section-content-middle elementor-section-boxed elementor-section-height-default elementor-section-height-default\" data-id=\"39dabc18\" data-element_type=\"section\" data-settings=\"{&quot;background_background&quot;:&quot;classic&quot;}\">\n\t\t\t\t\t\t\t<div class=\"elementor-background-overlay\"><\/div>\n\t\t\t\t\t\t\t<div class=\"elementor-container elementor-column-gap-no\">\n\t\t\t\t\t<div class=\"elementor-column elementor-col-100 elementor-top-column elementor-element elementor-element-f60585f\" data-id=\"f60585f\" data-element_type=\"column\">\n\t\t\t<div class=\"elementor-widget-wrap elementor-element-populated\">\n\t\t\t\t\t\t\t\t<div class=\"elementor-element elementor-element-438af913 elementor-widget elementor-widget-heading\" data-id=\"438af913\" data-element_type=\"widget\" data-widget_type=\"heading.default\">\n\t\t\t\t<div class=\"elementor-widget-container\">\n\t\t\t<style>\/*! elementor - v3.12.1 - 02-04-2023 *\/\n.elementor-heading-title{padding:0;margin:0;line-height:1}.elementor-widget-heading .elementor-heading-title[class*=elementor-size-]>a{color:inherit;font-size:inherit;line-height:inherit}.elementor-widget-heading .elementor-heading-title.elementor-size-small{font-size:15px}.elementor-widget-heading .elementor-heading-title.elementor-size-medium{font-size:19px}.elementor-widget-heading .elementor-heading-title.elementor-size-large{font-size:29px}.elementor-widget-heading .elementor-heading-title.elementor-size-xl{font-size:39px}.elementor-widget-heading .elementor-heading-title.elementor-size-xxl{font-size:59px}<\/style><h1 class=\"elementor-heading-title elementor-size-default\">PUBLICATIONS<\/h1>\t\t<\/div>\n\t\t\t\t<\/div>\n\t\t\t\t\t<\/div>\n\t\t<\/div>\n\t\t\t\t\t\t\t<\/div>\n\t\t<\/section>\n\t\t\t\t<section class=\"elementor-section elementor-top-section elementor-element elementor-element-a46f31b elementor-section-boxed elementor-section-height-default elementor-section-height-default\" data-id=\"a46f31b\" data-element_type=\"section\" data-settings=\"{&quot;background_background&quot;:&quot;classic&quot;}\">\n\t\t\t\t\t\t<div class=\"elementor-container elementor-column-gap-default\">\n\t\t\t\t\t<div class=\"elementor-column elementor-col-100 elementor-top-column elementor-element elementor-element-fa75a83\" data-id=\"fa75a83\" data-element_type=\"column\">\n\t\t\t<div class=\"elementor-widget-wrap elementor-element-populated\">\n\t\t\t\t\t\t\t\t<div class=\"elementor-element elementor-element-28a66a6 elementor-widget elementor-widget-spacer\" data-id=\"28a66a6\" data-element_type=\"widget\" data-widget_type=\"spacer.default\">\n\t\t\t\t<div class=\"elementor-widget-container\">\n\t\t\t<style>\/*! elementor - v3.12.1 - 02-04-2023 *\/\n.elementor-column .elementor-spacer-inner{height:var(--spacer-size)}.e-con{--container-widget-width:100%}.e-con-inner>.elementor-widget-spacer,.e-con>.elementor-widget-spacer{width:var(--container-widget-width,var(--spacer-size));--align-self:var(--container-widget-align-self,initial);--flex-shrink:0}.e-con-inner>.elementor-widget-spacer>.elementor-widget-container,.e-con-inner>.elementor-widget-spacer>.elementor-widget-container>.elementor-spacer,.e-con>.elementor-widget-spacer>.elementor-widget-container,.e-con>.elementor-widget-spacer>.elementor-widget-container>.elementor-spacer{height:100%}.e-con-inner>.elementor-widget-spacer>.elementor-widget-container>.elementor-spacer>.elementor-spacer-inner,.e-con>.elementor-widget-spacer>.elementor-widget-container>.elementor-spacer>.elementor-spacer-inner{height:var(--container-widget-height,var(--spacer-size))}<\/style>\t\t<div class=\"elementor-spacer\">\n\t\t\t<div class=\"elementor-spacer-inner\"><\/div>\n\t\t<\/div>\n\t\t\t\t<\/div>\n\t\t\t\t<\/div>\n\t\t\t\t<div class=\"elementor-element elementor-element-f52f439 elementor-grid-1 elementor-posts--thumbnail-left elementor-posts--align-left elementor-widget__width-initial elementor-grid-tablet-2 elementor-grid-mobile-1 elementor-widget elementor-widget-posts\" data-id=\"f52f439\" data-element_type=\"widget\" data-settings=\"{&quot;classic_columns&quot;:&quot;1&quot;,&quot;classic_row_gap&quot;:{&quot;unit&quot;:&quot;px&quot;,&quot;size&quot;:30,&quot;sizes&quot;:[]},&quot;classic_columns_tablet&quot;:&quot;2&quot;,&quot;classic_columns_mobile&quot;:&quot;1&quot;,&quot;classic_row_gap_tablet&quot;:{&quot;unit&quot;:&quot;px&quot;,&quot;size&quot;:&quot;&quot;,&quot;sizes&quot;:[]},&quot;classic_row_gap_mobile&quot;:{&quot;unit&quot;:&quot;px&quot;,&quot;size&quot;:&quot;&quot;,&quot;sizes&quot;:[]}}\" data-widget_type=\"posts.classic\">\n\t\t\t\t<div class=\"elementor-widget-container\">\n\t\t\t<link rel=\"stylesheet\" href=\"https:\/\/mm16.es\/wp-content\/plugins\/elementor-pro\/assets\/css\/widget-posts.min.css\">\t\t<div class=\"elementor-posts-container elementor-posts elementor-posts--skin-classic elementor-grid\">\n\t\t\t\t<article class=\"elementor-post elementor-grid-item post-1316 publicacion type-publicacion status-publish format-standard has-post-thumbnail hentry\">\n\t\t\t\t<a class=\"elementor-post__thumbnail__link\" href=\"https:\/\/mm16.es\/en\/publicacion\/publicacion-ejemplo-1\/\" target=\"&quot;_blank&quot;\">\n\t\t\t<div class=\"elementor-post__thumbnail\"><img loading=\"lazy\" decoding=\"async\" width=\"1536\" height=\"1266\" src=\"https:\/\/mm16.es\/wp-content\/uploads\/2023\/03\/casadelpino_Diario-de-Sevilla-12-Julio-2007-1536x1266.jpg\" class=\"attachment-1536x1536 size-1536x1536 wp-image-833\" alt=\"\" title=\"\" srcset=\"https:\/\/mm16.es\/wp-content\/uploads\/2023\/03\/casadelpino_Diario-de-Sevilla-12-Julio-2007-1536x1266.jpg 1536w, https:\/\/mm16.es\/wp-content\/uploads\/2023\/03\/casadelpino_Diario-de-Sevilla-12-Julio-2007-300x247.jpg 300w, https:\/\/mm16.es\/wp-content\/uploads\/2023\/03\/casadelpino_Diario-de-Sevilla-12-Julio-2007-1024x844.jpg 1024w, https:\/\/mm16.es\/wp-content\/uploads\/2023\/03\/casadelpino_Diario-de-Sevilla-12-Julio-2007-768x633.jpg 768w, https:\/\/mm16.es\/wp-content\/uploads\/2023\/03\/casadelpino_Diario-de-Sevilla-12-Julio-2007-2048x1688.jpg 2048w\" sizes=\"auto, (max-width: 1536px) 100vw, 1536px\" \/><\/div>\n\t\t<\/a>\n\t\t\t\t<div class=\"elementor-post__text\">\n\t\t\t\t<h3 class=\"elementor-post__title\">\n\t\t\t<a href=\"https:\/\/mm16.es\/en\/publicacion\/publicacion-ejemplo-1\/\" target=\"&quot;_blank&quot;\">\n\t\t\t\tLa casa y el \u00e1rbol | Diario de Sevilla | 2006\t\t\t<\/a>\n\t\t<\/h3>\n\t\t\t\t<div class=\"elementor-post__meta-data\">\n\t\t\t\t\t<span class=\"elementor-post-date\">\n\t\t\t17 de April de 2023\t\t<\/span>\n\t\t\t\t<\/div>\n\t\t\t\t<\/div>\n\t\t\t\t<\/article>\n\t\t\t\t<article class=\"elementor-post elementor-grid-item post-1320 publicacion type-publicacion status-publish format-standard has-post-thumbnail hentry\">\n\t\t\t\t<a class=\"elementor-post__thumbnail__link\" href=\"https:\/\/mm16.es\/en\/publicacion\/publicacion-ejemplo-2\/\" target=\"&quot;_blank&quot;\">\n\t\t\t<div class=\"elementor-post__thumbnail\"><img loading=\"lazy\" decoding=\"async\" width=\"1000\" height=\"490\" src=\"https:\/\/mm16.es\/wp-content\/uploads\/2023\/04\/00_Portada.jpg\" class=\"attachment-1536x1536 size-1536x1536 wp-image-1724\" alt=\"\" title=\"\" srcset=\"https:\/\/mm16.es\/wp-content\/uploads\/2023\/04\/00_Portada.jpg 1000w, https:\/\/mm16.es\/wp-content\/uploads\/2023\/04\/00_Portada-300x147.jpg 300w, https:\/\/mm16.es\/wp-content\/uploads\/2023\/04\/00_Portada-768x376.jpg 768w, https:\/\/mm16.es\/wp-content\/uploads\/2023\/04\/00_Portada-18x9.jpg 18w\" sizes=\"auto, (max-width: 1000px) 100vw, 1000px\" \/><\/div>\n\t\t<\/a>\n\t\t\t\t<div class=\"elementor-post__text\">\n\t\t\t\t<h3 class=\"elementor-post__title\">\n\t\t\t<a href=\"https:\/\/mm16.es\/en\/publicacion\/publicacion-ejemplo-2\/\" target=\"&quot;_blank&quot;\">\n\t\t\t\t\u00bfcrisis? \u00bfqu\u00e9 crisis? La imaginaci\u00f3n al poder II | Congreso de Arquitectos de Espa\u00f1a | 2009\t\t\t<\/a>\n\t\t<\/h3>\n\t\t\t\t<div class=\"elementor-post__meta-data\">\n\t\t\t\t\t<span class=\"elementor-post-date\">\n\t\t\t17 de April de 2023\t\t<\/span>\n\t\t\t\t<\/div>\n\t\t\t\t<\/div>\n\t\t\t\t<\/article>\n\t\t\t\t<article class=\"elementor-post elementor-grid-item post-1507 publicacion type-publicacion status-publish format-standard has-post-thumbnail hentry\">\n\t\t\t\t<a class=\"elementor-post__thumbnail__link\" href=\"https:\/\/mm16.es\/en\/publicacion\/mm16_p01\/\" target=\"&quot;_blank&quot;\">\n\t\t\t<div class=\"elementor-post__thumbnail\"><img loading=\"lazy\" decoding=\"async\" width=\"1404\" height=\"1536\" src=\"https:\/\/mm16.es\/wp-content\/uploads\/2023\/03\/9456_44-1404x1536.jpg\" class=\"attachment-1536x1536 size-1536x1536 wp-image-1639\" alt=\"\" title=\"\" srcset=\"https:\/\/mm16.es\/wp-content\/uploads\/2023\/03\/9456_44-1404x1536.jpg 1404w, https:\/\/mm16.es\/wp-content\/uploads\/2023\/03\/9456_44-274x300.jpg 274w, https:\/\/mm16.es\/wp-content\/uploads\/2023\/03\/9456_44-936x1024.jpg 936w, https:\/\/mm16.es\/wp-content\/uploads\/2023\/03\/9456_44-768x840.jpg 768w, https:\/\/mm16.es\/wp-content\/uploads\/2023\/03\/9456_44-11x12.jpg 11w, https:\/\/mm16.es\/wp-content\/uploads\/2023\/03\/9456_44.jpg 1828w\" sizes=\"auto, (max-width: 1404px) 100vw, 1404px\" \/><\/div>\n\t\t<\/a>\n\t\t\t\t<div class=\"elementor-post__text\">\n\t\t\t\t<h3 class=\"elementor-post__title\">\n\t\t\t<a href=\"https:\/\/mm16.es\/en\/publicacion\/mm16_p01\/\" target=\"&quot;_blank&quot;\">\n\t\t\t\tVuelta a la casa sevillana. Un patio para un Jupiter por MM16 | METALOCUS | 2023\t\t\t<\/a>\n\t\t<\/h3>\n\t\t\t\t<div class=\"elementor-post__meta-data\">\n\t\t\t\t\t<span class=\"elementor-post-date\">\n\t\t\t12 de May de 2023\t\t<\/span>\n\t\t\t\t<\/div>\n\t\t\t\t<\/div>\n\t\t\t\t<\/article>\n\t\t\t\t<article class=\"elementor-post elementor-grid-item post-1812 publicacion type-publicacion status-publish format-standard has-post-thumbnail hentry\">\n\t\t\t\t<a class=\"elementor-post__thumbnail__link\" href=\"https:\/\/mm16.es\/en\/publicacion\/renovation-of-survivors-housing\/\" target=\"&quot;_blank&quot;\">\n\t\t\t<div class=\"elementor-post__thumbnail\"><img loading=\"lazy\" decoding=\"async\" width=\"1341\" height=\"1536\" src=\"https:\/\/mm16.es\/wp-content\/uploads\/2023\/03\/9456_24-1341x1536.jpg\" class=\"attachment-1536x1536 size-1536x1536 wp-image-1619\" alt=\"\" title=\"\" srcset=\"https:\/\/mm16.es\/wp-content\/uploads\/2023\/03\/9456_24-1341x1536.jpg 1341w, https:\/\/mm16.es\/wp-content\/uploads\/2023\/03\/9456_24-262x300.jpg 262w, https:\/\/mm16.es\/wp-content\/uploads\/2023\/03\/9456_24-894x1024.jpg 894w, https:\/\/mm16.es\/wp-content\/uploads\/2023\/03\/9456_24-768x880.jpg 768w, https:\/\/mm16.es\/wp-content\/uploads\/2023\/03\/9456_24-10x12.jpg 10w, https:\/\/mm16.es\/wp-content\/uploads\/2023\/03\/9456_24.jpg 1746w\" sizes=\"auto, (max-width: 1341px) 100vw, 1341px\" \/><\/div>\n\t\t<\/a>\n\t\t\t\t<div class=\"elementor-post__text\">\n\t\t\t\t<h3 class=\"elementor-post__title\">\n\t\t\t<a href=\"https:\/\/mm16.es\/en\/publicacion\/renovation-of-survivors-housing\/\" target=\"&quot;_blank&quot;\">\n\t\t\t\tRenovation of survivors&#8217; housing | GOOOOD Magazine | 2023\t\t\t<\/a>\n\t\t<\/h3>\n\t\t\t\t<div class=\"elementor-post__meta-data\">\n\t\t\t\t\t<span class=\"elementor-post-date\">\n\t\t\t9 de October de 2023\t\t<\/span>\n\t\t\t\t<\/div>\n\t\t\t\t<\/div>\n\t\t\t\t<\/article>\n\t\t\t\t<article class=\"elementor-post elementor-grid-item post-1817 publicacion type-publicacion status-publish format-standard has-post-thumbnail hentry\">\n\t\t\t\t<a class=\"elementor-post__thumbnail__link\" href=\"https:\/\/mm16.es\/en\/publicacion\/una-casa-sevillana-del-siglo-xxi\/\" target=\"&quot;_blank&quot;\">\n\t\t\t<div class=\"elementor-post__thumbnail\"><img loading=\"lazy\" decoding=\"async\" width=\"1232\" height=\"1536\" src=\"https:\/\/mm16.es\/wp-content\/uploads\/2023\/03\/9456_33-1232x1536.jpg\" class=\"attachment-1536x1536 size-1536x1536 wp-image-1628\" alt=\"\" title=\"\" srcset=\"https:\/\/mm16.es\/wp-content\/uploads\/2023\/03\/9456_33-1232x1536.jpg 1232w, https:\/\/mm16.es\/wp-content\/uploads\/2023\/03\/9456_33-241x300.jpg 241w, https:\/\/mm16.es\/wp-content\/uploads\/2023\/03\/9456_33-821x1024.jpg 821w, https:\/\/mm16.es\/wp-content\/uploads\/2023\/03\/9456_33-768x958.jpg 768w, https:\/\/mm16.es\/wp-content\/uploads\/2023\/03\/9456_33-10x12.jpg 10w, https:\/\/mm16.es\/wp-content\/uploads\/2023\/03\/9456_33.jpg 1604w\" sizes=\"auto, (max-width: 1232px) 100vw, 1232px\" \/><\/div>\n\t\t<\/a>\n\t\t\t\t<div class=\"elementor-post__text\">\n\t\t\t\t<h3 class=\"elementor-post__title\">\n\t\t\t<a href=\"https:\/\/mm16.es\/en\/publicacion\/una-casa-sevillana-del-siglo-xxi\/\" target=\"&quot;_blank&quot;\">\n\t\t\t\tUna casa sevillana del siglo XXI | Interiores Minimalistas | 2023\t\t\t<\/a>\n\t\t<\/h3>\n\t\t\t\t<div class=\"elementor-post__meta-data\">\n\t\t\t\t\t<span class=\"elementor-post-date\">\n\t\t\t9 de October de 2023\t\t<\/span>\n\t\t\t\t<\/div>\n\t\t\t\t<\/div>\n\t\t\t\t<\/article>\n\t\t\t\t<article class=\"elementor-post elementor-grid-item post-1825 publicacion type-publicacion status-publish format-standard has-post-thumbnail hentry\">\n\t\t\t\t<a class=\"elementor-post__thumbnail__link\" href=\"https:\/\/mm16.es\/en\/publicacion\/a-patio-for-a-jupiter\/\" target=\"&quot;_blank&quot;\">\n\t\t\t<div class=\"elementor-post__thumbnail\"><img loading=\"lazy\" decoding=\"async\" width=\"1536\" height=\"1024\" src=\"https:\/\/mm16.es\/wp-content\/uploads\/2023\/03\/9456_26-1536x1024.jpg\" class=\"attachment-1536x1536 size-1536x1536 wp-image-1621\" alt=\"\" title=\"\" srcset=\"https:\/\/mm16.es\/wp-content\/uploads\/2023\/03\/9456_26-1536x1024.jpg 1536w, https:\/\/mm16.es\/wp-content\/uploads\/2023\/03\/9456_26-300x200.jpg 300w, https:\/\/mm16.es\/wp-content\/uploads\/2023\/03\/9456_26-1024x682.jpg 1024w, https:\/\/mm16.es\/wp-content\/uploads\/2023\/03\/9456_26-768x512.jpg 768w, https:\/\/mm16.es\/wp-content\/uploads\/2023\/03\/9456_26-18x12.jpg 18w, https:\/\/mm16.es\/wp-content\/uploads\/2023\/03\/9456_26.jpg 2000w\" sizes=\"auto, (max-width: 1536px) 100vw, 1536px\" \/><\/div>\n\t\t<\/a>\n\t\t\t\t<div class=\"elementor-post__text\">\n\t\t\t\t<h3 class=\"elementor-post__title\">\n\t\t\t<a href=\"https:\/\/mm16.es\/en\/publicacion\/a-patio-for-a-jupiter\/\" target=\"&quot;_blank&quot;\">\n\t\t\t\tA patio for a Jupiter | ARCHELLO | 2023\t\t\t<\/a>\n\t\t<\/h3>\n\t\t\t\t<div class=\"elementor-post__meta-data\">\n\t\t\t\t\t<span class=\"elementor-post-date\">\n\t\t\t9 de October de 2023\t\t<\/span>\n\t\t\t\t<\/div>\n\t\t\t\t<\/div>\n\t\t\t\t<\/article>\n\t\t\t\t<article class=\"elementor-post elementor-grid-item post-1939 publicacion type-publicacion status-publish format-standard has-post-thumbnail hentry\">\n\t\t\t\t<a class=\"elementor-post__thumbnail__link\" href=\"https:\/\/mm16.es\/en\/publicacion\/a-patio-for-a-jupiter-typological-rehabilitation\/\" target=\"&quot;_blank&quot;\">\n\t\t\t<div class=\"elementor-post__thumbnail\"><img loading=\"lazy\" decoding=\"async\" width=\"1024\" height=\"1536\" src=\"https:\/\/mm16.es\/wp-content\/uploads\/2023\/03\/9456_01-1024x1536.jpg\" class=\"attachment-1536x1536 size-1536x1536 wp-image-1596\" alt=\"\" title=\"\" srcset=\"https:\/\/mm16.es\/wp-content\/uploads\/2023\/03\/9456_01-1024x1536.jpg 1024w, https:\/\/mm16.es\/wp-content\/uploads\/2023\/03\/9456_01-200x300.jpg 200w, https:\/\/mm16.es\/wp-content\/uploads\/2023\/03\/9456_01-682x1024.jpg 682w, https:\/\/mm16.es\/wp-content\/uploads\/2023\/03\/9456_01-768x1152.jpg 768w, https:\/\/mm16.es\/wp-content\/uploads\/2023\/03\/9456_01-8x12.jpg 8w, https:\/\/mm16.es\/wp-content\/uploads\/2023\/03\/9456_01.jpg 1333w\" sizes=\"auto, (max-width: 1024px) 100vw, 1024px\" \/><\/div>\n\t\t<\/a>\n\t\t\t\t<div class=\"elementor-post__text\">\n\t\t\t\t<h3 class=\"elementor-post__title\">\n\t\t\t<a href=\"https:\/\/mm16.es\/en\/publicacion\/a-patio-for-a-jupiter-typological-rehabilitation\/\" target=\"&quot;_blank&quot;\">\n\t\t\t\tA patio for a Jupiter | DIVISARE | 2023\t\t\t<\/a>\n\t\t<\/h3>\n\t\t\t\t<div class=\"elementor-post__meta-data\">\n\t\t\t\t\t<span class=\"elementor-post-date\">\n\t\t\t26 de October de 2023\t\t<\/span>\n\t\t\t\t<\/div>\n\t\t\t\t<\/div>\n\t\t\t\t<\/article>\n\t\t\t\t<article class=\"elementor-post elementor-grid-item post-1951 publicacion type-publicacion status-publish format-standard has-post-thumbnail hentry\">\n\t\t\t\t<a class=\"elementor-post__thumbnail__link\" href=\"https:\/\/mm16.es\/en\/publicacion\/revista-coas-neutra-19\/\" target=\"&quot;_blank&quot;\">\n\t\t\t<div class=\"elementor-post__thumbnail\"><img loading=\"lazy\" decoding=\"async\" width=\"1152\" height=\"1536\" src=\"https:\/\/mm16.es\/wp-content\/uploads\/2024\/05\/cover_issue_91_es_ES-1152x1536.jpg\" class=\"attachment-1536x1536 size-1536x1536 wp-image-1952\" alt=\"\" title=\"\" srcset=\"https:\/\/mm16.es\/wp-content\/uploads\/2024\/05\/cover_issue_91_es_ES-1152x1536.jpg 1152w, https:\/\/mm16.es\/wp-content\/uploads\/2024\/05\/cover_issue_91_es_ES-225x300.jpg 225w, https:\/\/mm16.es\/wp-content\/uploads\/2024\/05\/cover_issue_91_es_ES-768x1024.jpg 768w, https:\/\/mm16.es\/wp-content\/uploads\/2024\/05\/cover_issue_91_es_ES-9x12.jpg 9w, https:\/\/mm16.es\/wp-content\/uploads\/2024\/05\/cover_issue_91_es_ES.jpg 1240w\" sizes=\"auto, (max-width: 1152px) 100vw, 1152px\" \/><\/div>\n\t\t<\/a>\n\t\t\t\t<div class=\"elementor-post__text\">\n\t\t\t\t<h3 class=\"elementor-post__title\">\n\t\t\t<a href=\"https:\/\/mm16.es\/en\/publicacion\/revista-coas-neutra-19\/\" target=\"&quot;_blank&quot;\">\n\t\t\t\tUn patio para un Jupiter | Revista COAS Neutra 19 | 2024\t\t\t<\/a>\n\t\t<\/h3>\n\t\t\t\t<div class=\"elementor-post__meta-data\">\n\t\t\t\t\t<span class=\"elementor-post-date\">\n\t\t\t9 de May de 2024\t\t<\/span>\n\t\t\t\t<\/div>\n\t\t\t\t<\/div>\n\t\t\t\t<\/article>\n\t\t\t\t<article class=\"elementor-post elementor-grid-item post-1960 publicacion type-publicacion status-publish format-standard has-post-thumbnail hentry\">\n\t\t\t\t<a class=\"elementor-post__thumbnail__link\" href=\"https:\/\/mm16.es\/en\/publicacion\/un-patio-para-un-jupiter-conarquitectura-90-2024\/\" target=\"&quot;_blank&quot;\">\n\t\t\t<div class=\"elementor-post__thumbnail\"><img loading=\"lazy\" decoding=\"async\" width=\"1000\" height=\"1304\" src=\"https:\/\/mm16.es\/wp-content\/uploads\/2024\/05\/ca90_portada_1000px.jpg\" class=\"attachment-1536x1536 size-1536x1536 wp-image-1961\" alt=\"\" title=\"\" srcset=\"https:\/\/mm16.es\/wp-content\/uploads\/2024\/05\/ca90_portada_1000px.jpg 1000w, https:\/\/mm16.es\/wp-content\/uploads\/2024\/05\/ca90_portada_1000px-230x300.jpg 230w, https:\/\/mm16.es\/wp-content\/uploads\/2024\/05\/ca90_portada_1000px-785x1024.jpg 785w, https:\/\/mm16.es\/wp-content\/uploads\/2024\/05\/ca90_portada_1000px-768x1001.jpg 768w, https:\/\/mm16.es\/wp-content\/uploads\/2024\/05\/ca90_portada_1000px-9x12.jpg 9w\" sizes=\"auto, (max-width: 1000px) 100vw, 1000px\" \/><\/div>\n\t\t<\/a>\n\t\t\t\t<div class=\"elementor-post__text\">\n\t\t\t\t<h3 class=\"elementor-post__title\">\n\t\t\t<a href=\"https:\/\/mm16.es\/en\/publicacion\/un-patio-para-un-jupiter-conarquitectura-90-2024\/\" target=\"&quot;_blank&quot;\">\n\t\t\t\tUn patio para un jupiter | CONarquitectura 90 | 2024\t\t\t<\/a>\n\t\t<\/h3>\n\t\t\t\t<div class=\"elementor-post__meta-data\">\n\t\t\t\t\t<span class=\"elementor-post-date\">\n\t\t\t9 de May de 2024\t\t<\/span>\n\t\t\t\t<\/div>\n\t\t\t\t<\/div>\n\t\t\t\t<\/article>\n\t\t\t\t<article class=\"elementor-post elementor-grid-item post-1967 publicacion type-publicacion status-publish format-standard has-post-thumbnail hentry\">\n\t\t\t\t<a class=\"elementor-post__thumbnail__link\" href=\"https:\/\/mm16.es\/en\/publicacion\/premios-ciudad-de-sevilla-2008-diario-de-sevilla-diciembre-2008\/\" target=\"&quot;_blank&quot;\">\n\t\t\t<div class=\"elementor-post__thumbnail\"><img loading=\"lazy\" decoding=\"async\" width=\"1536\" height=\"1095\" src=\"https:\/\/mm16.es\/wp-content\/uploads\/2024\/05\/Diario-de-Sevilla-5-Diciembre-2008-1536x1095.jpg\" class=\"attachment-1536x1536 size-1536x1536 wp-image-1968\" alt=\"\" title=\"\" srcset=\"https:\/\/mm16.es\/wp-content\/uploads\/2024\/05\/Diario-de-Sevilla-5-Diciembre-2008-1536x1095.jpg 1536w, https:\/\/mm16.es\/wp-content\/uploads\/2024\/05\/Diario-de-Sevilla-5-Diciembre-2008-300x214.jpg 300w, https:\/\/mm16.es\/wp-content\/uploads\/2024\/05\/Diario-de-Sevilla-5-Diciembre-2008-1024x730.jpg 1024w, https:\/\/mm16.es\/wp-content\/uploads\/2024\/05\/Diario-de-Sevilla-5-Diciembre-2008-768x548.jpg 768w, https:\/\/mm16.es\/wp-content\/uploads\/2024\/05\/Diario-de-Sevilla-5-Diciembre-2008-2048x1461.jpg 2048w, https:\/\/mm16.es\/wp-content\/uploads\/2024\/05\/Diario-de-Sevilla-5-Diciembre-2008-18x12.jpg 18w\" sizes=\"auto, (max-width: 1536px) 100vw, 1536px\" \/><\/div>\n\t\t<\/a>\n\t\t\t\t<div class=\"elementor-post__text\">\n\t\t\t\t<h3 class=\"elementor-post__title\">\n\t\t\t<a href=\"https:\/\/mm16.es\/en\/publicacion\/premios-ciudad-de-sevilla-2008-diario-de-sevilla-diciembre-2008\/\" target=\"&quot;_blank&quot;\">\n\t\t\t\tPremios Ciudad de Sevilla 2008 | Diario de Sevilla | Diciembre 2008\t\t\t<\/a>\n\t\t<\/h3>\n\t\t\t\t<div class=\"elementor-post__meta-data\">\n\t\t\t\t\t<span class=\"elementor-post-date\">\n\t\t\t9 de May de 2024\t\t<\/span>\n\t\t\t\t<\/div>\n\t\t\t\t<\/div>\n\t\t\t\t<\/article>\n\t\t\t\t<article class=\"elementor-post elementor-grid-item post-1971 publicacion type-publicacion status-publish format-standard has-post-thumbnail hentry\">\n\t\t\t\t<a class=\"elementor-post__thumbnail__link\" href=\"https:\/\/mm16.es\/en\/publicacion\/exposicion-ctrlce-metalocus-19-2006\/\" target=\"&quot;_blank&quot;\">\n\t\t\t<div class=\"elementor-post__thumbnail\"><img loading=\"lazy\" decoding=\"async\" width=\"500\" height=\"500\" src=\"https:\/\/mm16.es\/wp-content\/uploads\/2024\/05\/metalocus_imag_portada_19_500.png\" class=\"attachment-1536x1536 size-1536x1536 wp-image-1972\" alt=\"\" title=\"\" srcset=\"https:\/\/mm16.es\/wp-content\/uploads\/2024\/05\/metalocus_imag_portada_19_500.png 500w, https:\/\/mm16.es\/wp-content\/uploads\/2024\/05\/metalocus_imag_portada_19_500-300x300.png 300w, https:\/\/mm16.es\/wp-content\/uploads\/2024\/05\/metalocus_imag_portada_19_500-150x150.png 150w, https:\/\/mm16.es\/wp-content\/uploads\/2024\/05\/metalocus_imag_portada_19_500-12x12.png 12w\" sizes=\"auto, (max-width: 500px) 100vw, 500px\" \/><\/div>\n\t\t<\/a>\n\t\t\t\t<div class=\"elementor-post__text\">\n\t\t\t\t<h3 class=\"elementor-post__title\">\n\t\t\t<a href=\"https:\/\/mm16.es\/en\/publicacion\/exposicion-ctrlce-metalocus-19-2006\/\" target=\"&quot;_blank&quot;\">\n\t\t\t\tExposicion CtrlCE | METALOCUS 19 | 2006\t\t\t<\/a>\n\t\t<\/h3>\n\t\t\t\t<div class=\"elementor-post__meta-data\">\n\t\t\t\t\t<span class=\"elementor-post-date\">\n\t\t\t9 de May de 2024\t\t<\/span>\n\t\t\t\t<\/div>\n\t\t\t\t<\/div>\n\t\t\t\t<\/article>\n\t\t\t\t<\/div>\n\t\t\n\t\t\t\t<\/div>\n\t\t\t\t<\/div>\n\t\t\t\t<div class=\"elementor-element elementor-element-c47445f elementor-widget elementor-widget-spacer\" data-id=\"c47445f\" data-element_type=\"widget\" data-widget_type=\"spacer.default\">\n\t\t\t\t<div class=\"elementor-widget-container\">\n\t\t\t\t\t<div class=\"elementor-spacer\">\n\t\t\t<div class=\"elementor-spacer-inner\"><\/div>\n\t\t<\/div>\n\t\t\t\t<\/div>\n\t\t\t\t<\/div>\n\t\t\t\t\t<\/div>\n\t\t<\/div>\n\t\t\t\t\t\t\t<\/div>\n\t\t<\/section>\n\t\t\t\t\t\t\t<\/div>","protected":false},"excerpt":{"rendered":"<p>PUBLICATIONS<\/p>","protected":false},"author":1,"featured_media":0,"parent":0,"menu_order":0,"comment_status":"closed","ping_status":"closed","template":"elementor_header_footer","meta":{"_mi_skip_tracking":false,"_monsterinsights_sitenote_active":false,"_monsterinsights_sitenote_note":"","_monsterinsights_sitenote_category":0,"footnotes":""},"class_list":["post-533","page","type-page","status-publish","hentry"],"acf":[],"_links":{"self":[{"href":"https:\/\/mm16.es\/en\/wp-json\/wp\/v2\/pages\/533","targetHints":{"allow":["GET"]}}],"collection":[{"href":"https:\/\/mm16.es\/en\/wp-json\/wp\/v2\/pages"}],"about":[{"href":"https:\/\/mm16.es\/en\/wp-json\/wp\/v2\/types\/page"}],"author":[{"embeddable":true,"href":"https:\/\/mm16.es\/en\/wp-json\/wp\/v2\/users\/1"}],"replies":[{"embeddable":true,"href":"https:\/\/mm16.es\/en\/wp-json\/wp\/v2\/comments?post=533"}],"version-history":[{"count":74,"href":"https:\/\/mm16.es\/en\/wp-json\/wp\/v2\/pages\/533\/revisions"}],"predecessor-version":[{"id":1505,"href":"https:\/\/mm16.es\/en\/wp-json\/wp\/v2\/pages\/533\/revisions\/1505"}],"wp:attachment":[{"href":"https:\/\/mm16.es\/en\/wp-json\/wp\/v2\/media?parent=533"}],"curies":[{"name":"wp","href":"https:\/\/api.w.org\/{rel}","templated":true}]}}